{"id":1959,"date":"2022-04-11T15:11:14","date_gmt":"2022-04-11T14:11:14","guid":{"rendered":"https:\/\/www.polizeiseelsorge-pfalz.de\/?page_id=1959"},"modified":"2022-04-26T06:22:46","modified_gmt":"2022-04-26T05:22:46","slug":"wahl-2022","status":"publish","type":"page","link":"https:\/\/www.polizeiseelsorge-pfalz.de\/?page_id=1959","title":{"rendered":"Wahl 2022"},"content":{"rendered":"\n<p><strong>F\u00fcnfzehn Kolleginnen und Kollegen treten zur Wahl des siebten gemeinsamen Beirat der Polizeiseelsorge im Bistum Speyer und in der Evangelischen Kirche der Pfalz (protestantische Landeskirche) an.<\/strong><\/p>\n\n\n\n<p id=\"UweBauer\"><strong>Uwe Bauer<\/strong><br>Ich hei\u00dfe Uwe Bauer, bin 50 Jahre alt und dienstlich bei der Polizeiinspektion Bad Bergzabern als Bezirksbeamter beheimatet. Bereits seit 2013 darf ich mich in die segensreiche Arbeit des Beirates der Polizeiseelsorge einbringen und das tue ich aus vollster und christlicher \u00dcberzeugung. Es w\u00e4re mir eine gro\u00dfe Freude, dies auch weiterhin tun zu k\u00f6nnen. Dazu brauche ich deine Stimme.<\/p>\n\n\n\n<p id=\"JoergUlrich\"><strong>J\u00f6rg Ulrich<\/strong><br>Mein Name ist J\u00f6rg Ulrich, ich bin 48 Jahre alt, bin verheiratet und habe zwei Kinder. Ich wohne im Kreis Bad D\u00fcrkheim, bin ans\u00e4ssig beim Polizeipr\u00e4sidium Rheinpfalz und arbeite als Verkehrssicherheitsberater bei der Polizeiinspektion Gr\u00fcnstadt. Ich verbringe gerne Zeit mit meiner Familie, liebe Musik und besuche gerne Konzerte, treibe gerne Sport, und fahre und verreise gern mit dem Motorrad. F\u00fcr die Aufgabe als Beirat in der Polizeiseelsorge reizt mich die Begegnung, der Dialog und die pers\u00f6nliche Begleitung mit Kolleginnen und Kollegen sowie die Hilfsangebote, die wir neben den enorm gestiegenen beruflichen Anforderungen auch in privaten Alltagssituationen anbieten und leisten wollen.<\/p>\n\n\n\n<p id=\"SarahLayes\"><strong>Sarah Layes<\/strong><br>Mein Name ist Sarah Layes. Ich bin 40 Jahre alt und bei der Hochschule der Polizei seit fast zehn Jahren Einsatztrainerin. Ich habe mich bewusst f\u00fcr eine Arbeit im Beirat der Polizeiseelsorge entschieden, weil ich es wichtig finde, f\u00fcr die Kollegen und Kolleginnen aktiv da zu sein. Ich m\u00f6chte begleitend t\u00e4tig sein, mich solidarisch zeigen, seelisch und moralisch unterst\u00fctzen. Die Polizeiseelsorge gilt den Mitarbeiterinnen und Mitarbeitern, nicht der Organisation.<\/p>\n\n\n\n<p id=\"BernhardChristianErfort\"><strong>Bernhard Christian Erfort<\/strong><br>Das ist unsere Sendung: F\u00fcreinander da zu sein. Deshalb stelle ich mich wieder zur Wahl. Mein Name ist Bernhard Christian Erfort. Ich bin 47 Jahre alt und wurde 2013 zum ersten Mal in den Polizeiseelsorgebeirat gew\u00e4hlt. Seit 2017 bin ich Vorsitzender des \u00f6kumenischen Beirats. Ich arbeite in der Pressestelle des Polizeipr\u00e4sidiums Westpfalz. Gerne m\u00f6chte ich mich weiterhin f\u00fcr die Polizeiseelsorge und ein Miteinander in der Polizei engagieren, dazu brauche ich deine Stimme.<\/p>\n\n\n\n<p id=\"OlivierBraun\"><strong>Olivier Braun<\/strong><br>Mein Name ist Olivier Braun, 45 Jahre alt, verheiratet, zwei erwachsene S\u00f6hne, seit 1992 im Polizeidienst. In einer Zeit, in der gef\u00fchlt zunehmend jeder nur an sich denkt, kommt das Miteinander und F\u00fcreinander oft zu kurz. Unter anderem deshalb bin ich seit 2016 in der Sozialberatung im Polizeipr\u00e4sidium Rheinpfalz t\u00e4tig und habe auf diesem Weg auch die Polizeiseelsorge kennengelernt.<\/p>\n\n\n\n<p id=\"JuergenHirsch\"><strong>J\u00fcrgen Hirsch<\/strong><br>Zu meiner Person ist zu sagen, dass ich 59 Jahr alt, verheiratet und Vater zweier S\u00f6hne bin. Ich lebe mit meiner Familie an der s\u00fcdlichen Weinstra\u00dfe. Bei der Polizei in Rheinland-Pfalz bin ich seit dem Jahre 1981. F\u00fcr den Beirat der Polizeiseelsorge kandidiere ich, weil mir Zusammenhalt und die Unterst\u00fctzung anderer Menschen sehr wichtig sind.<\/p>\n\n\n\n<p id=\"KatjaWeickert\"><strong>Katja Weickert<\/strong><br>Ich engagiere mich seit 2003 bei der Polizeiseelsorge, weil ich auch innerhalb der Polizei Zeugnis meines Christ-seins geben und Ansprechpartnerin bei Sorgen und Problemen sein m\u00f6chte. Dazu geh\u00f6ren f\u00fcr mich auch Veranstaltungen (z.B. Konzerte, Gottesdienste, Pilgerwanderungen), die die Gemeinschaft der Kolleginnen und Kollegen st\u00e4rken und ihnen eine Auszeit von dienstlichen Belastungen erm\u00f6glichen.<\/p>\n\n\n\n<p id=\"BerndMueller\"><strong>Bernd M\u00fcller<br><\/strong>Mein Name ist Bernd M\u00fcller, ich bin 50 Jahre alt und mache Dienst in der Bereitschaftspolizei in Enkenbach. Ich bin seit mehr als 20 Jahren\u00a0im Polizeiseelsorgebeirat und m\u00f6chte auch gerne in der n\u00e4chsten Wahlperiode f\u00fcr die Bediensteten der Polizei und ihre Angeh\u00f6rigen da sein und helfen oder Hilfestellungen geben, wo es n\u00f6tig und m\u00f6glich ist, innerhalb und au\u00dferhalb des Dienstes.<\/p>\n","protected":false},"excerpt":{"rendered":"<p>F\u00fcnfzehn Kolleginnen und Kollegen treten zur Wahl des siebten gemeinsamen Beirat der Polizeiseelsorge im Bistum Speyer und in der Evangelischen Kirche der Pfalz (protestantische Landeskirche) an. Uwe BauerIch hei\u00dfe Uwe Bauer, bin 50 Jahre alt und dienstlich bei der Polizeiinspektion Bad Bergzabern als Bezirksbeamter beheimatet. Bereits seit 2013 darf ich mich in die segensreiche Arbeit [&hellip;]<\/p>\n","protected":false},"author":1,"featured_media":0,"parent":0,"menu_order":0,"comment_status":"closed","ping_status":"closed","template":"","meta":{"footnotes":""},"class_list":["post-1959","page","type-page","status-publish","hentry"],"_links":{"self":[{"href":"https:\/\/www.polizeiseelsorge-pfalz.de\/index.php?rest_route=\/wp\/v2\/pages\/1959","targetHints":{"allow":["GET"]}}],"collection":[{"href":"https:\/\/www.polizeiseelsorge-pfalz.de\/index.php?rest_route=\/wp\/v2\/pages"}],"about":[{"href":"https:\/\/www.polizeiseelsorge-pfalz.de\/index.php?rest_route=\/wp\/v2\/types\/page"}],"author":[{"embeddable":true,"href":"https:\/\/www.polizeiseelsorge-pfalz.de\/index.php?rest_route=\/wp\/v2\/users\/1"}],"replies":[{"embeddable":true,"href":"https:\/\/www.polizeiseelsorge-pfalz.de\/index.php?rest_route=%2Fwp%2Fv2%2Fcomments&post=1959"}],"version-history":[{"count":7,"href":"https:\/\/www.polizeiseelsorge-pfalz.de\/index.php?rest_route=\/wp\/v2\/pages\/1959\/revisions"}],"predecessor-version":[{"id":1986,"href":"https:\/\/www.polizeiseelsorge-pfalz.de\/index.php?rest_route=\/wp\/v2\/pages\/1959\/revisions\/1986"}],"wp:attachment":[{"href":"https:\/\/www.polizeiseelsorge-pfalz.de\/index.php?rest_route=%2Fwp%2Fv2%2Fmedia&parent=1959"}],"curies":[{"name":"wp","href":"https:\/\/api.w.org\/{rel}","templated":true}]}}