{"id":2,"date":"2014-02-06T13:38:23","date_gmt":"2014-02-06T13:38:23","guid":{"rendered":"http:\/\/www.polizeiseelsorge-speyer.de\/\/?page_id=2"},"modified":"2023-10-10T19:29:32","modified_gmt":"2023-10-10T18:29:32","slug":"beispiel-seite","status":"publish","type":"page","link":"https:\/\/www.polizeiseelsorge-pfalz.de\/?page_id=2","title":{"rendered":"Impressum"},"content":{"rendered":"\n<p><b>Verantwortlich im Sinne des \u00a7 5 Telemediengesetzes:<\/b><\/p>\n\n\n\n<p>Gemeinsamer Beirat der Polizeiseelsorge im Bistum Speyer und in der Evangelischen Kirche der Pfalz (Protestantische Landeskirche)<br>c\/o Polizeipr\u00e4sidium Einsatz, Logistik und Technik<br>Abteilung Bereitschaftspolizei<br>Birkenstra\u00dfe 107<br>67677 Enkenbach-Alsenborn<\/p>\n\n\n\n<p>Vertreten durch: J\u00fcrgen Traub<br>eMail: polizeiseelsorgebeirat-pfalz&#8220;polizei.rlp.de<br>(Spam-Schutz: Bitte &#8220; durch @ ersetzen.)<br>Telefon: 06303 801 0<\/p>\n\n\n\n<p>Verantwortlich f\u00fcr die redaktionellen Inhalte:<br>Bernhard Christian Erfort<br>eMail: bernhard.erfort&#8220;polizei.rlp.de<br>(Spam-Schutz: Bitte &#8220; durch @ ersetzen.)<br>Telefon: 0631 369 1082<\/p>\n\n\n\n<p class=\"has-text-color has-small-font-size\" style=\"color:#999494\"><span style=\"color: #999999;\">Hinweis: Bitte senden Sie keine eMails mit vertraulichen Inhalten. eMails sind wie Postkarten, jeder kann sie lesen!<\/span><\/p>\n\n\n\n<p>Folgender Haftungsausschluss ist als Teil des Internetangebotes zu betrachten. Sofern Teile oder einzelne Formulierungen dieses Textes der geltenden Rechtslage nicht, nicht mehr oder nicht vollst\u00e4ndig entsprechen sollten, bleiben die \u00fcbrigen Teile des Dokumentes in ihrem Inhalt und ihrer G\u00fcltigkeit davon unber\u00fchrt.<\/p>\n\n\n\n<p><strong>Inhalt des Onlineangebotes<\/strong><\/p>\n\n\n\n<p>Der Gemeinsame Beirat der Polizeiseelsorge im Bistum Speyer und in der Evangelischen Kirche der Pfalz (Protestantische Landeskirche) \u00fcbernimmt keinerlei Gew\u00e4hr f\u00fcr die Aktualit\u00e4t, Korrektheit, Vollst\u00e4ndigkeit oder Qualit\u00e4t der bereitgestellten Informationen. Haftungsanspr\u00fcche gegen den Beirat welche sich auf Sch\u00e4den materieller oder ideeller Art beziehen, die durch die Nutzung oder Nichtnutzung der dargebotenen Informationen bzw. durch die Nutzung fehlerhafter oder unvollst\u00e4ndiger Informationen verursacht wurden, sind ausgeschlossen, sofern seitens der f\u00fcr den Vorstand t\u00e4tigen Autoren und Internetverantwortlichen kein nachweislich vors\u00e4tzliches oder grob fahrl\u00e4ssiges Verschulden vorliegt.<\/p>\n\n\n\n<p>Alle Angebote sind freibleibend und unverbindlich. Der Verantwortliche f\u00fcr die redaktionellen Inhalte und Domain-Inhaber beh\u00e4lt sich ausdr\u00fccklich vor, Teile der Seiten oder das gesamte Angebot ohne gesonderte Ank\u00fcndigung zu ver\u00e4ndern, zu erg\u00e4nzen, zu l\u00f6schen oder die Ver\u00f6ffentlichung zeitweise oder endg\u00fcltig einzustellen.<\/p>\n\n\n\n<p>Als Bilder werden auf den Internetseiten grunds\u00e4tzlich eigene Fotos genutzt. Andere Bildquellen sind in der Bildunterschrift oder im Bild vermerkt.<\/p>\n\n\n\n<p><strong>Verweise und Links&nbsp;<\/strong><\/p>\n\n\n\n<p>Unser Angebot umfasst Verweise (Links) zu anderen Angeboten im Internet. Die auf den verlinkten Seiten wiedergegebenen Tatsachen, Behauptungen und Meinungs\u00e4u\u00dferungen liegen in der alleinigen Verantwortung der jeweiligen Autoren und m\u00fcssen nicht unsere Meinung wiedergeben.<\/p>\n\n\n\n<p>Auf die aktuelle und zuk\u00fcnftige Gestaltung, die Inhalte oder die Urheberschaft der verlinkten Seiten hat der Beirat keinerlei Einfluss. Deshalb distanziert er sich hiermit ausdr\u00fccklich von allen Inhalten aller verlinkten Seiten. Diese Feststellung gilt f\u00fcr alle innerhalb des eigenen Internetangebotes gesetzten Links und Verweise sowie f\u00fcr Fremdeintr\u00e4ge in den vom Beirat eingerichteten Diskussionsforen und Mailinglisten.<\/p>\n\n\n\n<p>F\u00fcr illegale, fehlerhafte oder unvollst\u00e4ndige Inhalte und insbesondere f\u00fcr Sch\u00e4den, die aus der Nutzung oder Nichtnutzung solcherart dargebotener Informationen entstehen, haftet allein der Anbieter der Seite, auf welche verwiesen wurde.<\/p>\n\n\n\n<p><strong>Urheber- und Kennzeichnungsrecht<\/strong><\/p>\n\n\n\n<p>Texte, Bilder, Grafiken sowie Layouts dieser Seiten unterliegen weltweit dem Urheberrecht. Unerlaubte Verwendung, Reproduktion oder Weitergabe einzelner Inhalte oder kompletter Seiten sind ausdr\u00fccklich untersagt.<\/p>\n\n\n\n<p>Alle innerhalb des Internetangebotes genannten und ggf. durch Dritte gesch\u00fctzten Marken- und Warenzeichen unterliegen uneingeschr\u00e4nkt den Bestimmungen des jeweils g\u00fcltigen Kennzeichenrechts und den Besitzrechten der jeweiligen eingetragenen Eigent\u00fcmer.<\/p>\n\n\n\n<p><strong>Datenschutz<\/strong><\/p>\n\n\n\n<p>Sofern innerhalb des Internetangebotes die M\u00f6glichkeit zur Eingabe pers\u00f6nlicher oder gesch\u00e4ftlicher Daten (E-Mailadressen, Namen, Anschriften, Telefonnummern) besteht, so erfolgt die Preisgabe dieser Daten seitens des Nutzers auf ausdr\u00fccklich freiwilliger Basis. Die Inanspruchnahme aller angebotenen Dienste ist &#8211; soweit technisch m\u00f6glich und zumutbar &#8211; auch ohne Angabe solcher Daten gestattet. Die Weitergabe der im Rahmen des Impressums oder vergleichbarer Angaben ver\u00f6ffentlichten Kontaktadressen wie Postanschriften, Telefon- und Fax-Nummern sowie E-Mail-Adressen an Dritte zur \u00dcbersendung von nicht ausdr\u00fccklich angeforderten Informationen ist nicht gestattet.<\/p>\n\n\n\n<p><strong>Social-Media Buttons<\/strong><\/p>\n\n\n\n<p>Wir verwenden sichere Social Media-Buttons zum Schutz der Privatsph\u00e4re. Herk\u00f6mmliche Buttons \u00fcbertragen Daten bereits an die sozialen Netzwerke, ohne dass diese Buttons geklickt werden m\u00fcssen.<\/p>\n\n\n\n<p><strong>Webhosting<\/strong><\/p>\n\n\n\n<p>ALL-INKL.COM &#8211; Neue Medien M\u00fcnnich<br>Inhaber: Ren\u00e9 M\u00fcnnich<br>Hauptstra\u00dfe 68<br>02742 Friedersdorf<\/p>\n\n\n\n<p>Telefon: 035872 353-10<br>Telefax: 035872 353-30<br>eMail: info@all-inkl.com<br>Internet: <a href=\"https:\/\/all-inkl.com\/?partner=270880\" target=\"_blank\" rel=\"noopener noreferrer\">www.all-inkl.com<\/a><\/p>\n\n\n\n<p><a href=\"http:\/\/www.polizeiseelsorge-speyer.de\/?page_id=901\">zur Datenschutzerkl\u00e4rung \u2192<\/a><\/p>\n","protected":false},"excerpt":{"rendered":"<p>Verantwortlich im Sinne des \u00a7 5 Telemediengesetzes: Gemeinsamer Beirat der Polizeiseelsorge im Bistum Speyer und in der Evangelischen Kirche der Pfalz (Protestantische Landeskirche)c\/o Polizeipr\u00e4sidium Einsatz, Logistik und TechnikAbteilung BereitschaftspolizeiBirkenstra\u00dfe 10767677 Enkenbach-Alsenborn Vertreten durch: J\u00fcrgen TraubeMail: polizeiseelsorgebeirat-pfalz&#8220;polizei.rlp.de(Spam-Schutz: Bitte &#8220; durch @ ersetzen.)Telefon: 06303 801 0 Verantwortlich f\u00fcr die redaktionellen Inhalte:Bernhard Christian ErforteMail: bernhard.erfort&#8220;polizei.rlp.de(Spam-Schutz: Bitte &#8220; durch [&hellip;]<\/p>\n","protected":false},"author":1,"featured_media":0,"parent":0,"menu_order":0,"comment_status":"closed","ping_status":"closed","template":"","meta":{"footnotes":""},"class_list":["post-2","page","type-page","status-publish","hentry"],"_links":{"self":[{"href":"https:\/\/www.polizeiseelsorge-pfalz.de\/index.php?rest_route=\/wp\/v2\/pages\/2","targetHints":{"allow":["GET"]}}],"collection":[{"href":"https:\/\/www.polizeiseelsorge-pfalz.de\/index.php?rest_route=\/wp\/v2\/pages"}],"about":[{"href":"https:\/\/www.polizeiseelsorge-pfalz.de\/index.php?rest_route=\/wp\/v2\/types\/page"}],"author":[{"embeddable":true,"href":"https:\/\/www.polizeiseelsorge-pfalz.de\/index.php?rest_route=\/wp\/v2\/users\/1"}],"replies":[{"embeddable":true,"href":"https:\/\/www.polizeiseelsorge-pfalz.de\/index.php?rest_route=%2Fwp%2Fv2%2Fcomments&post=2"}],"version-history":[{"count":47,"href":"https:\/\/www.polizeiseelsorge-pfalz.de\/index.php?rest_route=\/wp\/v2\/pages\/2\/revisions"}],"predecessor-version":[{"id":2374,"href":"https:\/\/www.polizeiseelsorge-pfalz.de\/index.php?rest_route=\/wp\/v2\/pages\/2\/revisions\/2374"}],"wp:attachment":[{"href":"https:\/\/www.polizeiseelsorge-pfalz.de\/index.php?rest_route=%2Fwp%2Fv2%2Fmedia&parent=2"}],"curies":[{"name":"wp","href":"https:\/\/api.w.org\/{rel}","templated":true}]}}