{"id":2064,"date":"2022-09-26T20:40:53","date_gmt":"2022-09-26T19:40:53","guid":{"rendered":"https:\/\/www.polizeiseelsorge-pfalz.de\/?page_id=2064"},"modified":"2024-09-05T21:16:19","modified_gmt":"2024-09-05T20:16:19","slug":"freundeskreis","status":"publish","type":"page","link":"https:\/\/www.polizeiseelsorge-pfalz.de\/?page_id=2064","title":{"rendered":"Freundeskreis"},"content":{"rendered":"\n<p>Der Freundeskreis der Polizeiseelsorge f\u00f6rdert bed\u00fcrftige Personen und unterst\u00fctzt die Arbeit der Polizeiseelsorge in der Evangelischen Kirche der Pfalz (Protestantische Landeskirche) und&nbsp;im Bistum Speyer durch:<\/p>\n\n\n\n<ul class=\"wp-block-list\">\n<li>die F\u00f6rderung von Wissenschaft und Forschung&nbsp;<\/li>\n\n\n\n<li>die F\u00f6rderung der Religion<\/li>\n\n\n\n<li>die F\u00f6rderung von Kunst und Kultur<\/li>\n\n\n\n<li>die F\u00f6rderung der Erziehung, Volks- und Berufsbildung einschlie\u00dflich Studentenhilfe<\/li>\n\n\n\n<li>geplante Ma\u00dfnahmen der \u00d6ffentlichkeitsarbeit (Vortr\u00e4ge, Publikationen)<\/li>\n\n\n\n<li>Spendenmarketing<\/li>\n\n\n\n<li>Bildungsangebote<\/li>\n\n\n\n<li>Reisen<\/li>\n<\/ul>\n\n\n\n<div class=\"wp-block-file\"><a id=\"wp-block-file--media-fedf9b3e-98d7-4036-ac52-f0ffe2920658\" href=\"http:\/\/www.polizeiseelsorge-pfalz.de\/wp-content\/uploads\/2022\/09\/Antrag-auf-Mitgliedschaft-und-Einzugsermaechtigung.pdf\" target=\"_blank\" rel=\"noreferrer noopener\">Wir freuen uns \u00fcber weitere Mitglieder (.pdf)<\/a><a href=\"http:\/\/www.polizeiseelsorge-pfalz.de\/wp-content\/uploads\/2022\/09\/Antrag-auf-Mitgliedschaft-und-Einzugsermaechtigung.pdf\" class=\"wp-block-file__button wp-element-button\" download aria-describedby=\"wp-block-file--media-fedf9b3e-98d7-4036-ac52-f0ffe2920658\">Herunterladen<\/a><\/div>\n\n\n\n<p><strong>Ansprechpartner f\u00fcr den Freundeskreis (F\u00f6rderverein) der Polizeiseelsorge:<\/strong><\/p>\n\n\n\n<p>Jochen Gleich<br>eMail: jochen.gleich&#8220;polizeiseelsorge-pfalz.de <br>(Spam-Schutz: Bitte &#8220; durch @ ersetzen.)<\/p>\n\n\n\n<p class=\"has-text-color has-small-font-size\" style=\"color:#999494\">Hinweis: Bitte senden Sie keine eMails mit vertraulichen Inhalten. eMails sind wie Postkarten, jeder kann sie lesen!<\/p>\n","protected":false},"excerpt":{"rendered":"<p>Der Freundeskreis der Polizeiseelsorge f\u00f6rdert bed\u00fcrftige Personen und unterst\u00fctzt die Arbeit der Polizeiseelsorge in der Evangelischen Kirche der Pfalz (Protestantische Landeskirche) und&nbsp;im Bistum Speyer durch: Ansprechpartner f\u00fcr den Freundeskreis (F\u00f6rderverein) der Polizeiseelsorge: Jochen GleicheMail: jochen.gleich&#8220;polizeiseelsorge-pfalz.de (Spam-Schutz: Bitte &#8220; durch @ ersetzen.) Hinweis: Bitte senden Sie keine eMails mit vertraulichen Inhalten. eMails sind wie Postkarten, jeder [&hellip;]<\/p>\n","protected":false},"author":1,"featured_media":0,"parent":0,"menu_order":0,"comment_status":"closed","ping_status":"closed","template":"","meta":{"footnotes":""},"class_list":["post-2064","page","type-page","status-publish","hentry"],"_links":{"self":[{"href":"https:\/\/www.polizeiseelsorge-pfalz.de\/index.php?rest_route=\/wp\/v2\/pages\/2064","targetHints":{"allow":["GET"]}}],"collection":[{"href":"https:\/\/www.polizeiseelsorge-pfalz.de\/index.php?rest_route=\/wp\/v2\/pages"}],"about":[{"href":"https:\/\/www.polizeiseelsorge-pfalz.de\/index.php?rest_route=\/wp\/v2\/types\/page"}],"author":[{"embeddable":true,"href":"https:\/\/www.polizeiseelsorge-pfalz.de\/index.php?rest_route=\/wp\/v2\/users\/1"}],"replies":[{"embeddable":true,"href":"https:\/\/www.polizeiseelsorge-pfalz.de\/index.php?rest_route=%2Fwp%2Fv2%2Fcomments&post=2064"}],"version-history":[{"count":9,"href":"https:\/\/www.polizeiseelsorge-pfalz.de\/index.php?rest_route=\/wp\/v2\/pages\/2064\/revisions"}],"predecessor-version":[{"id":2554,"href":"https:\/\/www.polizeiseelsorge-pfalz.de\/index.php?rest_route=\/wp\/v2\/pages\/2064\/revisions\/2554"}],"wp:attachment":[{"href":"https:\/\/www.polizeiseelsorge-pfalz.de\/index.php?rest_route=%2Fwp%2Fv2%2Fmedia&parent=2064"}],"curies":[{"name":"wp","href":"https:\/\/api.w.org\/{rel}","templated":true}]}}