{"id":305,"date":"2015-11-12T22:40:25","date_gmt":"2015-11-12T21:40:25","guid":{"rendered":"http:\/\/www.polizeiseelsorge-speyer.de\/?page_id=305"},"modified":"2025-12-30T20:07:02","modified_gmt":"2025-12-30T19:07:02","slug":"seelsorger","status":"publish","type":"page","link":"https:\/\/www.polizeiseelsorge-pfalz.de\/?page_id=305","title":{"rendered":"Seelsorger"},"content":{"rendered":"\n<p>Als Polizeiseelsorgende begleiten wir Bedienstete bei ihrer T\u00e4tigkeit in der Polizei Rheinland-Pfalz. Wir bieten pers\u00f6nliche Begleitung und Hilfestellung an: Nach belastenden Eins\u00e4tzen und Erlebnissen sowie in pers\u00f6nlichen oder beruflichen Fragen. Wir begleiten Sie in seelischen Notlagen im dienstlichen und privaten Kontext. Wir stehen f\u00fcr individuelle Gespr\u00e4che zur Verf\u00fcgung &#8211; Vertraulichkeit ist dabei garantiert!<br>Auch Tagungsangebote, Gottesdienst, Gelegenheiten zum Feiern und vieles mehr geh\u00f6ren zu unserem Angebot. Sprechen Sie uns an.<\/p>\n\n\n\n<div style=\"height:22px\" aria-hidden=\"true\" class=\"wp-block-spacer\"><\/div>\n\n\n\n<p><strong>Norman Roth<\/strong><br><strong>Evangelische Kirche der Pfalz&nbsp;<\/strong><br>Pfarramt f\u00fcr Polizei- und Notfallseelsorge<\/p>\n\n\n\n<p>Mobiltelefon: 0151 50834815<br>eMail: norman.roth&#8220;evkirchepfalz.de<br>(Spam-Schutz: Bitte &#8220; durch @ ersetzen.)<\/p>\n\n\n\n<blockquote class=\"wp-block-quote is-layout-flow wp-block-quote-is-layout-flow\">\n<p>&#8222;Gerne bin ich f\u00fcr die Bediensteten der Polizei da, begleite und unterst\u00fctze sie \u2013 im Einsatz-Alltag, im Gespr\u00e4ch oder bei Seminaren und Veranstaltungen -, damit sie ihren wichtigen, interessanten, aber auch herausfordernden Dienst an unserer Gesellschaft gut machen k\u00f6nnen.&#8220;<\/p>\n<\/blockquote>\n\n\n\n<div style=\"height:22px\" aria-hidden=\"true\" class=\"wp-block-spacer\"><\/div>\n\n\n\n<p><strong>Matthias Orth<\/strong><br><strong>Bistum Speyer<br><\/strong>Referat I\/2.4 Polizeiseelsorge<strong><br><\/strong><br>Telefon: 06232 102476<br>Mobiltelefon: 0151 14880129<br>eMail: matthias.orth&#8220;bistum-speyer.de<br>(Spam-Schutz: Bitte &#8220; durch @ ersetzen.)<\/p>\n\n\n\n<blockquote class=\"wp-block-quote is-layout-flow wp-block-quote-is-layout-flow\">\n<p>&#8222;Ich habe Menschen in Polizeiuniform im Blick, und begleite, entlaste, st\u00fctze und wertsch\u00e4tze sie. Sp\u00fcrbar kann dies werden im berufsethischen Unterricht, in der Einsatzbegleitung, in Einzel- oder<br>Gruppengespr\u00e4chen, in Seminaren und bei Gottesdiensten.&#8220;<\/p>\n<\/blockquote>\n\n\n\n<div style=\"height:48px\" aria-hidden=\"true\" class=\"wp-block-spacer\"><\/div>\n\n\n\n<p>Dar\u00fcberhinaus k\u00f6nnen Sie sich auch an die <a href=\"http:\/\/www.polizeiseelsorge-speyer.de\/?page_id=63\">Mitglieder des \u00f6kumenischen Polizeiseelsorgebeirats \u2192<\/a> wenden.<\/p>\n\n\n\n<div style=\"height:48px\" aria-hidden=\"true\" class=\"wp-block-spacer\"><\/div>\n\n\n\n<p class=\"has-text-color has-small-font-size\" style=\"color:#999494\"><span style=\"color: #808080;\">Hinweis: Bitte senden Sie keine eMails mit vertraulichen Inhalten. eMails sind wie Postkarten, jeder kann sie lesen!<\/span><\/p>\n","protected":false},"excerpt":{"rendered":"<p>Als Polizeiseelsorgende begleiten wir Bedienstete bei ihrer T\u00e4tigkeit in der Polizei Rheinland-Pfalz. Wir bieten pers\u00f6nliche Begleitung und Hilfestellung an: Nach belastenden Eins\u00e4tzen und Erlebnissen sowie in pers\u00f6nlichen oder beruflichen Fragen. Wir begleiten Sie in seelischen Notlagen im dienstlichen und privaten Kontext. Wir stehen f\u00fcr individuelle Gespr\u00e4che zur Verf\u00fcgung &#8211; Vertraulichkeit ist dabei garantiert!Auch Tagungsangebote, Gottesdienst, [&hellip;]<\/p>\n","protected":false},"author":1,"featured_media":0,"parent":0,"menu_order":0,"comment_status":"closed","ping_status":"closed","template":"","meta":{"footnotes":""},"class_list":["post-305","page","type-page","status-publish","hentry"],"_links":{"self":[{"href":"https:\/\/www.polizeiseelsorge-pfalz.de\/index.php?rest_route=\/wp\/v2\/pages\/305","targetHints":{"allow":["GET"]}}],"collection":[{"href":"https:\/\/www.polizeiseelsorge-pfalz.de\/index.php?rest_route=\/wp\/v2\/pages"}],"about":[{"href":"https:\/\/www.polizeiseelsorge-pfalz.de\/index.php?rest_route=\/wp\/v2\/types\/page"}],"author":[{"embeddable":true,"href":"https:\/\/www.polizeiseelsorge-pfalz.de\/index.php?rest_route=\/wp\/v2\/users\/1"}],"replies":[{"embeddable":true,"href":"https:\/\/www.polizeiseelsorge-pfalz.de\/index.php?rest_route=%2Fwp%2Fv2%2Fcomments&post=305"}],"version-history":[{"count":37,"href":"https:\/\/www.polizeiseelsorge-pfalz.de\/index.php?rest_route=\/wp\/v2\/pages\/305\/revisions"}],"predecessor-version":[{"id":2759,"href":"https:\/\/www.polizeiseelsorge-pfalz.de\/index.php?rest_route=\/wp\/v2\/pages\/305\/revisions\/2759"}],"wp:attachment":[{"href":"https:\/\/www.polizeiseelsorge-pfalz.de\/index.php?rest_route=%2Fwp%2Fv2%2Fmedia&parent=305"}],"curies":[{"name":"wp","href":"https:\/\/api.w.org\/{rel}","templated":true}]}}