{"id":37,"date":"2014-02-26T00:20:00","date_gmt":"2014-02-25T21:20:00","guid":{"rendered":"http:\/\/www.polizeiseelsorge-speyer.de\/?page_id=37"},"modified":"2021-05-31T20:02:29","modified_gmt":"2021-05-31T19:02:29","slug":"wir-sind-da","status":"publish","type":"page","link":"https:\/\/www.polizeiseelsorge-pfalz.de\/?page_id=37","title":{"rendered":"Polizeiseelsorge"},"content":{"rendered":"\n<p><strong>Polizeiseelsorge<\/strong><br>ist der gemeinsame Dienst des Bistums Speyer und der Evangelischen Kirche der Pfalz (protestantische Landeskirche) an den Angeh\u00f6rigen und Pension\u00e4ren der Polizei in Rheinland-Pfalz.<\/p>\n\n\n\n<p>Die Polizeiseelsorge bietet auf der Grundlage eines \u00f6kumenischen Verst\u00e4ndnisses Begleitung und Betreuung an. Das Angebot an die Beamtinnen und Beamten reicht von Gottesdiensten, Amtshandlungen (Taufen, Segnungen &#8230;), Seminare, Freizeiten bis hin zur Gremienarbeit. Die Inanspruchnahme von Hilfen im Zusammenhang mit dienstlichen und privaten Problemstellungen ist die Folge von intensiver Begleitung der Polizeibediensteten in deren Alltag und bei gr\u00f6\u00dferen Eins\u00e4tzen.<\/p>\n\n\n\n<p>Ein gew\u00e4hlter Beirat \u2013 der gemeinsame Beirat der Polizeiseelsorge im Bistum Speyer und in der Evangelischen Kirche der Pfalz\u00a0 (Protestantische Landeskirche) \u2013 unterst\u00fctzt die Seelsorger der beiden Kirchen. Eine gro\u00dfe Anzahl von Vertrauensleuten in den einzelnen Dienststellen erg\u00e4nzt jenen Personenkreis von Bediensteten, welcher sich um \u201eSeelsorge vor Ort\u201c k\u00fcmmert und deren Aktualit\u00e4t und Kontinuit\u00e4t garantieren hilft.<\/p>\n\n\n\n<p><strong>Anspr\u00fcche steigen&#8230;<\/strong><br>In unserer Gesellschaft f\u00e4llt den Polizeibeamtinnen und Polizeibeamten die Aufgabe zu, das staatliche Gewaltmonopol zum Schutz der Menschen- und B\u00fcrgerrechte verantwortungsvoll auszu\u00fcben. Durch immer komplexer werdende Strukturen und die wachsende Zahl von Gesetzen und Vorschriften wachsen die Anspr\u00fcche an die Polizei.<\/p>\n\n\n\n<p><strong>&#8230;Mensch bleiben<\/strong><br>Konflikte schlichten, Hilfe leisten, wo immer Not an Menschen ist, Recht und Gesetz durchsetzen: dabei k\u00f6nnen die Frauen und M\u00e4nner bei der Polizei schnell von &#8222;Helfern&#8220; zu &#8222;Pr\u00fcgelknaben&#8220; werden. Die Knochen f\u00fcr andere hinhalten, das kann weh tun, das f\u00e4llt nicht immer leicht.<\/p>\n\n\n\n<p><strong>Wir begleiten sie gern<\/strong><br>Polizeiseelsorge wird unabh\u00e4ngig von den Kirchengemeinden angeboten. Sie bietet<br>&#8211; Berufsethischen Unterricht an der Landespolizeischule<br>&#8211; Fortbildung von Polizeibeamtinnen und Polizeibeamten<br>&#8211; Begleitung und Betreuung w\u00e4hrend Eins\u00e4tzen<br>&#8211; Begleitung und Betreuung nach Eins\u00e4tzen<br>&#8211; Hilfen der Aufarbeitung nach lebensbedrohenden Situationen<br>&#8211; Gottesdienste<br>&#8211; Sakramente spenden<br>&#8211; Einkehrtage<br>&#8211; Vortr\u00e4ge, Diskussionen, Seminare<br>&#8211; Wallfahrten, Pilgerfahrten, Studienreisen<\/p>\n\n\n\n<p>Die Polizeiseesorge arbeitet \u00f6kumenisch und wird durch den gemeinsamen Beirat der Evangelischen Kirche der Pfalz (Protestantische Landeskirche) und des Bistums Speyer unterst\u00fctzt. Dieser Beirat besteht aus gew\u00e4hlten Polizeibeamtinnen und Polizeibeamten der beiden Konfessionen.<\/p>\n\n\n\n<p>Bundesweit ist die Polizeiseelsorge des Bistums Speyer mit der Bundesarbeitsgemeinschaft katholischer Polizeiseelsorge (BAG) und der Konferenz der Evangelischen Polizeipfarrer (KEPP)&nbsp;vernetzt.<\/p>\n","protected":false},"excerpt":{"rendered":"<p>Polizeiseelsorgeist der gemeinsame Dienst des Bistums Speyer und der Evangelischen Kirche der Pfalz (protestantische Landeskirche) an den Angeh\u00f6rigen und Pension\u00e4ren der Polizei in Rheinland-Pfalz. Die Polizeiseelsorge bietet auf der Grundlage eines \u00f6kumenischen Verst\u00e4ndnisses Begleitung und Betreuung an. Das Angebot an die Beamtinnen und Beamten reicht von Gottesdiensten, Amtshandlungen (Taufen, Segnungen &#8230;), Seminare, Freizeiten bis hin [&hellip;]<\/p>\n","protected":false},"author":1,"featured_media":0,"parent":0,"menu_order":0,"comment_status":"closed","ping_status":"closed","template":"","meta":{"footnotes":""},"class_list":["post-37","page","type-page","status-publish","hentry"],"_links":{"self":[{"href":"https:\/\/www.polizeiseelsorge-pfalz.de\/index.php?rest_route=\/wp\/v2\/pages\/37","targetHints":{"allow":["GET"]}}],"collection":[{"href":"https:\/\/www.polizeiseelsorge-pfalz.de\/index.php?rest_route=\/wp\/v2\/pages"}],"about":[{"href":"https:\/\/www.polizeiseelsorge-pfalz.de\/index.php?rest_route=\/wp\/v2\/types\/page"}],"author":[{"embeddable":true,"href":"https:\/\/www.polizeiseelsorge-pfalz.de\/index.php?rest_route=\/wp\/v2\/users\/1"}],"replies":[{"embeddable":true,"href":"https:\/\/www.polizeiseelsorge-pfalz.de\/index.php?rest_route=%2Fwp%2Fv2%2Fcomments&post=37"}],"version-history":[{"count":9,"href":"https:\/\/www.polizeiseelsorge-pfalz.de\/index.php?rest_route=\/wp\/v2\/pages\/37\/revisions"}],"predecessor-version":[{"id":1713,"href":"https:\/\/www.polizeiseelsorge-pfalz.de\/index.php?rest_route=\/wp\/v2\/pages\/37\/revisions\/1713"}],"wp:attachment":[{"href":"https:\/\/www.polizeiseelsorge-pfalz.de\/index.php?rest_route=%2Fwp%2Fv2%2Fmedia&parent=37"}],"curies":[{"name":"wp","href":"https:\/\/api.w.org\/{rel}","templated":true}]}}