{"id":57,"date":"2014-02-25T23:24:29","date_gmt":"2014-02-25T22:24:29","guid":{"rendered":"http:\/\/www.polizeiseelsorge-speyer.de\/?page_id=57"},"modified":"2025-12-30T19:56:54","modified_gmt":"2025-12-30T18:56:54","slug":"veranstaltungen","status":"publish","type":"page","link":"https:\/\/www.polizeiseelsorge-pfalz.de\/?page_id=57","title":{"rendered":"Veranstaltungen"},"content":{"rendered":"\n<p class=\"has-black-color has-text-color\">Interessierte sind zu unseren Konzerten und Gottesdiensten herzlich eingeladen. Seminare und Tagungen richten sich an Polizeibedienstete, insbesondere aus den Gebieten des Polizeipr\u00e4sidiums Rheinpfalz, des Polizeipr\u00e4sidiums Westpfalz sowie des Polizeipr\u00e4sidiums Einsatz, Logistik und Technik. <\/p>\n\n\n\n<p><span style=\"color: #ff0000;\"><span style=\"color: #000000;\">Veranstaltungen und Seminare k\u00f6nnen kurzfristig ausfallen.<\/span> <\/span>Bitte beachten Sie m\u00f6gliche Termin\u00e4nderungen.<\/p>\n\n\n\n<div class=\"wp-block-file\"><a id=\"wp-block-file--media-7684fd24-0659-4d0b-bd30-e7d7007f9afc\" href=\"https:\/\/www.polizeiseelsorge-pfalz.de\/wp-content\/uploads\/2025\/12\/2026-Jahresprogramm.pdf\" target=\"_blank\" rel=\"noreferrer noopener\">Jahresprogramm 2026 (.pdf)<\/a><a href=\"https:\/\/www.polizeiseelsorge-pfalz.de\/wp-content\/uploads\/2025\/12\/2026-Jahresprogramm.pdf\" class=\"wp-block-file__button wp-element-button\" download aria-describedby=\"wp-block-file--media-7684fd24-0659-4d0b-bd30-e7d7007f9afc\">Herunterladen<\/a><\/div>\n\n\n\n<p>12. Januar 2026, 15 Uhr<br><strong>Gemeinsam ins neue Jahr<\/strong> <strong>2026<\/strong><br>Priesterseminar Speyer, Am Germansberg 60, 67346 Speyer<\/p>\n\n\n\n<p>21. bis 23. Januar 2026<br><strong>Weil das Leben leicht sein darf &#8211; Altes loslassen und Neues wagen<\/strong><br>Butenschoen Haus, Landau\/Pfalz<\/p>\n\n\n\n<p>15. bis 17. April 2026<br><strong>62. Ebernburgtagung<\/strong><br><strong>Zusammenarbeit zwischen Polizei, Justiz und Staatsanwaltschaft<\/strong><br>Burg Ebernburg, Bad M\u00fcnster am Stein<\/p>\n\n\n\n<p>6. Mai 2026, 9:30 Uhr<br><strong>&#8222;Ich bin heute mal weg&#8220; &#8211; Pilgertag<\/strong><br>Die pers\u00f6nliche Resilienz im Alltag st\u00e4rken<\/p>\n\n\n\n<p>27. Mai 2026, 19 Uhr<br><strong>Fr\u00fchlingskonzert mit dem Landespolizeiorchester Rheinland-Pfalz<\/strong><br>Dom zu Speyer<\/p>\n\n\n\n<p>23. September 2026, 9:30 Uhr<br><strong>&#8222;Ich bin heute mal weg&#8220; &#8211; Pilgertag<\/strong><br>Die pers\u00f6nliche Resilienz im Alltag st\u00e4rken<\/p>\n\n\n\n<p>4. November 2026, 9 Uhr<br><strong>Reflexionstag f\u00fcr Newcomer<\/strong><br>Butenschoen Haus, Landau\/Pfalz<\/p>\n\n\n\n<p>12. November 2026, 15 Uhr<br><strong>Gedenkgottesdienst f\u00fcr unsere Verstorbenen<\/strong><br>Prot. Matth\u00e4uskirche, Landau\/Pfalz<\/p>\n\n\n\n<p>3. Dezember 2026, 18 Uhr<br><strong>Adventskonzert<\/strong> <strong>mit dem Landespolizeiorchester Rheinland-Pfalz<\/strong><br>Ged\u00e4chtniskirche Maria Schutz, Kaiserslautern<\/p>\n\n\n\n<p>12. Januar 2027, 15 Uhr<br><strong>Gemeinsam ins neue Jahr<\/strong> <strong>2027<\/strong><br>Priesterseminar Speyer, Am Germansberg 60, 67346 Speyer<\/p>\n\n\n\n<div class=\"wp-block-file\"><a id=\"wp-block-file--media-7684fd24-0659-4d0b-bd30-e7d7007f9afc\" href=\"https:\/\/www.polizeiseelsorge-pfalz.de\/wp-content\/uploads\/2025\/12\/2026-Jahresprogramm.pdf\" target=\"_blank\" rel=\"noreferrer noopener\">Jahresprogramm 2026 (.pdf)<\/a><a href=\"https:\/\/www.polizeiseelsorge-pfalz.de\/wp-content\/uploads\/2025\/12\/2026-Jahresprogramm.pdf\" class=\"wp-block-file__button wp-element-button\" download aria-describedby=\"wp-block-file--media-7684fd24-0659-4d0b-bd30-e7d7007f9afc\">Herunterladen<\/a><\/div>\n\n\n\n<div style=\"height:30px\" aria-hidden=\"true\" class=\"wp-block-spacer\"><\/div>\n\n\n\n<p>Wir sind f\u00fcr euch da:<\/p>\n\n\n\n<p><strong>Matthias Orth<\/strong><br><strong>Bistum Speyer<\/strong><br>Telefon: 06232 102476 oder 0151 14880129<br>matthias.orth@bistum-speyer.de<\/p>\n\n\n\n<p><strong>Norman Roth<br>Evangelische Kirche der Pfalz<\/strong><br>Telefon: 0151 50834815<br>norman.roth@evkirchepfalz.de<\/p>\n\n\n\n<p>und die <a href=\"http:\/\/www.polizeiseelsorge-pfalz.de\/?page_id=63\">Mitglieder des \u00f6kumenischen Polizeiseelsorgebeirats \u2192<\/a>.<\/p>\n\n\n\n<p class=\"has-text-color has-small-font-size\" style=\"color:#999494\">Hinweis: Bitte senden Sie keine eMails mit vertraulichen Inhalten. eMails sind wie Postkarten, jeder kann sie lesen!<\/p>\n","protected":false},"excerpt":{"rendered":"<p>Interessierte sind zu unseren Konzerten und Gottesdiensten herzlich eingeladen. Seminare und Tagungen richten sich an Polizeibedienstete, insbesondere aus den Gebieten des Polizeipr\u00e4sidiums Rheinpfalz, des Polizeipr\u00e4sidiums Westpfalz sowie des Polizeipr\u00e4sidiums Einsatz, Logistik und Technik. Veranstaltungen und Seminare k\u00f6nnen kurzfristig ausfallen. Bitte beachten Sie m\u00f6gliche Termin\u00e4nderungen. 12. Januar 2026, 15 UhrGemeinsam ins neue Jahr 2026Priesterseminar Speyer, Am [&hellip;]<\/p>\n","protected":false},"author":1,"featured_media":0,"parent":0,"menu_order":0,"comment_status":"closed","ping_status":"closed","template":"","meta":{"footnotes":""},"class_list":["post-57","page","type-page","status-publish","hentry"],"_links":{"self":[{"href":"https:\/\/www.polizeiseelsorge-pfalz.de\/index.php?rest_route=\/wp\/v2\/pages\/57","targetHints":{"allow":["GET"]}}],"collection":[{"href":"https:\/\/www.polizeiseelsorge-pfalz.de\/index.php?rest_route=\/wp\/v2\/pages"}],"about":[{"href":"https:\/\/www.polizeiseelsorge-pfalz.de\/index.php?rest_route=\/wp\/v2\/types\/page"}],"author":[{"embeddable":true,"href":"https:\/\/www.polizeiseelsorge-pfalz.de\/index.php?rest_route=\/wp\/v2\/users\/1"}],"replies":[{"embeddable":true,"href":"https:\/\/www.polizeiseelsorge-pfalz.de\/index.php?rest_route=%2Fwp%2Fv2%2Fcomments&post=57"}],"version-history":[{"count":212,"href":"https:\/\/www.polizeiseelsorge-pfalz.de\/index.php?rest_route=\/wp\/v2\/pages\/57\/revisions"}],"predecessor-version":[{"id":2758,"href":"https:\/\/www.polizeiseelsorge-pfalz.de\/index.php?rest_route=\/wp\/v2\/pages\/57\/revisions\/2758"}],"wp:attachment":[{"href":"https:\/\/www.polizeiseelsorge-pfalz.de\/index.php?rest_route=%2Fwp%2Fv2%2Fmedia&parent=57"}],"curies":[{"name":"wp","href":"https:\/\/api.w.org\/{rel}","templated":true}]}}