{"id":63,"date":"2014-02-25T23:30:37","date_gmt":"2014-02-25T22:30:37","guid":{"rendered":"http:\/\/www.polizeiseelsorge-speyer.de\/?page_id=63"},"modified":"2025-12-29T20:18:18","modified_gmt":"2025-12-29T19:18:18","slug":"beirat","status":"publish","type":"page","link":"https:\/\/www.polizeiseelsorge-pfalz.de\/?page_id=63","title":{"rendered":"\u00d6kumenischer Polizeiseelsorgebeirat"},"content":{"rendered":"\n<h4 class=\"wp-block-heading\"><strong>Gemeinsamer Beirat der Polizeiseelsorge im&nbsp;Bistum Speyer und in der Evangelischen Kirche der Pfalz (Protestantische Landeskirche)&nbsp;&nbsp;<\/strong><\/h4>\n\n\n\n<p>Die Polizeiseelsorgenden werden vom \u00f6kumenischen Polizeiseelsorgebeirat Pfalz unterst\u00fctzt und beraten. In den Beirat werden religi\u00f6s interessierte Menschen aus der Polizeiorganisation gew\u00e4hlt oder berufen. Sie haben ihr Ohr nahe an den Kolleginnen und Kollegen, sie wissen oft, &#8222;wo es brennt&#8220; und k\u00f6nnen an die Seelsorger vermitteln. Mit Herz, Mund, H\u00e4nden und klarem Verstand bringen sie sich ein &#8211; ehrenamtlich.<\/p>\n\n\n\n<p><strong>Vorstand<\/strong><br>J\u00fcrgen Traub (Vorsitzender)<br>Polizeipr\u00e4sidium Einsatz, Logistik und Technik<br>eMail: polizeiseelsorgebeirat-pfalz&#8220;polizei.rlp.de<br>(Spam-Schutz: Bitte &#8220; durch @ ersetzen.)<\/p>\n\n\n\n<p>Christian Rapp (Co-Vorsitzender)<br>Polizeipr\u00e4sidium Rheinpfalz<\/p>\n\n\n\n<p>Katja Falkenstein (Co-Vorsitzende)<br>Polizeipr\u00e4sidium Rheinpfalz<\/p>\n\n\n\n<p>Sarah Layes (Schriftf\u00fchrerin)<br>Polizeipr\u00e4sidium Einsatz, Logistik und Technik<\/p>\n\n\n\n<p><strong>Gew\u00e4hlte evangelische Beiratsmitglieder:<\/strong><br>Katzenberger, Sarah (Polizeipr\u00e4sidium Rheinpfalz)<br>Rapp, Christian (Polizeipr\u00e4sidium Einsatz, Logistik und Technik)<br>Renkwitz, Andreas (Polizeipr\u00e4sidium Rheinpfalz)<br>Schwarz, Volker (Hochschule der Polizei Rheinland-Pfalz)<br>Traub, J\u00fcrgen (Polizeipr\u00e4sidium Einsatz, Logistik und Technik)<br>Ulrich, J\u00f6rg (Polizeipr\u00e4sidium Rheinpfalz)<br>Urbach, Georg (Polizeipr\u00e4sidium Rheinpfalz)<br><br><strong>Gew\u00e4hlte katholische Beiratsmitglieder:<\/strong><br>Bauer, Uwe (Polizeipr\u00e4sidium Rheinpfalz)<br>Erfort, Bernhard Christian (Polizeipr\u00e4sidium Westpfalz)<br>Hirsch, J\u00fcrgen (Polizeipr\u00e4sidium Rheinpfalz)<br>Layes, Sarah (Hochschule der Polizei Rheinland-Pfalz)<br>M\u00fcller, Bernd (Polizeipr\u00e4sidium Einsatz, Logistik und Technik)<br>M\u00fcller, Michael (Polizeipr\u00e4sidium Einsatz, Logistik und Technik)<br>Weickert, Katja (Polizeipr\u00e4sidium Rheinpfalz)<\/p>\n\n\n\n<p><strong>Berufene Sachverst\u00e4ndige:<\/strong><br>Diehl, Lars (Polizeipr\u00e4sidium Einsatz, Logistik und Technik)<br>Erbacher, Bianca (Polizeipr\u00e4sidium Rheinpfalz)<br>Joa, Martin (Polizeipr\u00e4sidium Rheinpfalz)<\/p>\n\n\n\n<p><strong>Berufener Vertreter f\u00fcr den Saarpfalzkreis:<\/strong><br>Peter Dincher (Polizei des Saarlandes)<br>eMail: peter.dincher&#8220;polizeiseelsorge-pfalz.de <br>(Spam-Schutz: Bitte &#8220; durch @ ersetzen.)<\/p>\n\n\n\n<p><strong>Berufene Vertreter der Polizeibediensteten im Ruhestand:<\/strong><br>Norbert Memmer <br>eMail: norbert.memmer&#8220;polizeiseelsorge-pfalz.de<br>(Spam-Schutz: Bitte &#8220; durch @ ersetzen.)<\/p>\n\n\n\n<p><strong>Berufener Vertreter des Freundeskreises der Polizeiseelsorge:<\/strong><br>Jochen Gleich<br>eMail: jochen.gleich&#8220;polizeiseelsorge-pfalz.de <br>(Spam-Schutz: Bitte &#8220; durch @ ersetzen.)<\/p>\n\n\n\n<p class=\"has-text-color has-small-font-size\" style=\"color:#999494\"><mark style=\"background-color:rgba(0, 0, 0, 0)\" class=\"has-inline-color has-cyan-bluish-gray-color\">Hinweis: Bitte senden Sie keine eMails mit vertraulichen Inhalten. eMails sind wie Postkarten, jeder kann sie lesen!<\/mark><\/p>\n","protected":false},"excerpt":{"rendered":"<p>Gemeinsamer Beirat der Polizeiseelsorge im&nbsp;Bistum Speyer und in der Evangelischen Kirche der Pfalz (Protestantische Landeskirche)&nbsp;&nbsp; Die Polizeiseelsorgenden werden vom \u00f6kumenischen Polizeiseelsorgebeirat Pfalz unterst\u00fctzt und beraten. In den Beirat werden religi\u00f6s interessierte Menschen aus der Polizeiorganisation gew\u00e4hlt oder berufen. Sie haben ihr Ohr nahe an den Kolleginnen und Kollegen, sie wissen oft, &#8222;wo es brennt&#8220; und [&hellip;]<\/p>\n","protected":false},"author":1,"featured_media":0,"parent":0,"menu_order":0,"comment_status":"closed","ping_status":"closed","template":"","meta":{"footnotes":""},"class_list":["post-63","page","type-page","status-publish","hentry"],"_links":{"self":[{"href":"https:\/\/www.polizeiseelsorge-pfalz.de\/index.php?rest_route=\/wp\/v2\/pages\/63","targetHints":{"allow":["GET"]}}],"collection":[{"href":"https:\/\/www.polizeiseelsorge-pfalz.de\/index.php?rest_route=\/wp\/v2\/pages"}],"about":[{"href":"https:\/\/www.polizeiseelsorge-pfalz.de\/index.php?rest_route=\/wp\/v2\/types\/page"}],"author":[{"embeddable":true,"href":"https:\/\/www.polizeiseelsorge-pfalz.de\/index.php?rest_route=\/wp\/v2\/users\/1"}],"replies":[{"embeddable":true,"href":"https:\/\/www.polizeiseelsorge-pfalz.de\/index.php?rest_route=%2Fwp%2Fv2%2Fcomments&post=63"}],"version-history":[{"count":69,"href":"https:\/\/www.polizeiseelsorge-pfalz.de\/index.php?rest_route=\/wp\/v2\/pages\/63\/revisions"}],"predecessor-version":[{"id":2746,"href":"https:\/\/www.polizeiseelsorge-pfalz.de\/index.php?rest_route=\/wp\/v2\/pages\/63\/revisions\/2746"}],"wp:attachment":[{"href":"https:\/\/www.polizeiseelsorge-pfalz.de\/index.php?rest_route=%2Fwp%2Fv2%2Fmedia&parent=63"}],"curies":[{"name":"wp","href":"https:\/\/api.w.org\/{rel}","templated":true}]}}