{"id":75,"date":"2014-03-01T23:29:20","date_gmt":"2014-03-01T22:29:20","guid":{"rendered":"http:\/\/www.polizeiseelsorge-speyer.de\/?page_id=75"},"modified":"2023-10-10T19:46:39","modified_gmt":"2023-10-10T18:46:39","slug":"chronik","status":"publish","type":"page","link":"https:\/\/www.polizeiseelsorge-pfalz.de\/?page_id=75","title":{"rendered":"Chronik"},"content":{"rendered":"\n<h3 class=\"wp-block-heading\"><strong>Polizeiseelsorge im Bistum Speyer&nbsp;<\/strong><\/h3>\n\n\n\n<p>Erstmals erw\u00e4hnt wird die Polizeiseelsorge im Di\u00f6zesanarchiv des Bistums Speyer in einem Schreiben des Ministeriums des Innern vom 16. M\u00e4rz 1954, in dem es um die \u201eSeelsorgerische Betreuung der Angeh\u00f6rigen der Polizei&#8220; geht. Das Ministerium begr\u00fc\u00dfte darin \u201eden Entschluss der beiden christlichen Konfessionen, sich in Zukunft st\u00e4rker der Seelsorge innerhalb der Polizeibeamtenschaft anzunehmen&#8220;.<\/p>\n\n\n\n<p>Es muss aber bereits davor Gespr\u00e4che und Planungen in den Bistumsleitungen und Landeskirchensynoden sowie Abstimmungen zwischen den beiden Kirchen gegeben haben, damit diese Betreuung dem Ministerium angeboten werden konnte. So findet sich im Archiv ein Brief vom Mai 1954, in dem sich Pfarrer <strong>Josef Schwartz<\/strong> von der Pfarrei St. Jakobus in Schifferstadt dar\u00fcber beklagt, dass er seit Oktober 1953 ohne Verg\u00fctung \u201ew\u00f6chentliche Seelsorgestunden&#8220; abgehalten habe, die bald aber nicht mehr stattfanden. \u201eMan stelle sich vor: Jeder Tag, ausgef\u00fcllt mit Dienst, Unterricht, Sport usw. und dann am sp\u00e4ten Abend soll noch der von dem ger\u00fcttelten Arbeitspensum eines langen Tages nicht mehr frische Priester wirklich packend zu den jungen Leuten sprechen! Da ist kein gro\u00dfer Erfolg zu erwarten&#8220;, schreibt Pfarrer Schwartz. Leider findet sich im Archiv kein Erwiderungsschreiben.<\/p>\n\n\n\n<p>In einem Brief vom August 1954 bittet der Seelsorgeamtsleiter des Bisch\u00f6flichen Ordinariats in Mainz, Domkapitular Johannes Schwalbach, das Bistum Speyer, einen Di\u00f6zesanbeauftragten dem Ministerium zu nennen. Diese Beauftragung erfolgte am 27. Dezember 1954. Dem damaligen Dompfarrer und Domkapitular <strong>Josef Seitz<\/strong> hat das Bisch\u00f6fliche Ordinariat Speyer die Leitung der Polizeiseelsorge f\u00fcr die Di\u00f6zese \u00fcbertragen.<\/p>\n\n\n\n<p>Der n\u00e4chste Erlass des Ministerium des Innern ist datiert auf den 5. Mai 1955. Darin wird angewiesen, \u201edass bei den in geschlossenen Verb\u00e4nden zu Ausbildungszwecken zusammengefa\u00dften Polizeibeamten \u00fcber den zu Anfang eines jeden Lehrgangs oder zusammenh\u00e4ngenden Ausbildungsabschnittes im Rahmen des Dienstplanes vorgesehenen Vortrages je eines Geistlichen beider Bekenntnisse hinaus f\u00fcr jeden Geistlichen der beiden Konfessionen alle 14 Tage zur selben Stunde die M\u00f6glichkeit eines Vortrages u. \u00e4. in der Dauer von jeweils einer Stunde zu geben ist. Diese Vortr\u00e4ge haben w\u00e4hrend der Dienstzeit in den Vormittagsstunden stattzufinden.&#8220;<\/p>\n\n\n\n<p>In den f\u00fcnfziger Jahren ernannte das Bisch\u00f6fliche Ordinariat Speyer Pfarrer <strong>Hermann Hammer<\/strong> zum Leiter der Abteilung \u201eM\u00e4nner&#8220;, dem auch die Polizeiseelsorge zugeordnet wurde. Seit den sechziger Jahren, ein genaues Datum gibt es leider nicht mehr, bot Pr\u00e4lat Hammer jedes Jahr die sogenannte \u201eR\u00fcstzeit&#8220; in Ramberg an, bei der j\u00e4hrlich Polizeibeamte f\u00fcr f\u00fcnf Tage mit Vortr\u00e4ge, Exkursionen und Begegnungen ihren Berufsalltag reflektieren und best\u00e4rken konnten.<\/p>\n\n\n\n<h3 class=\"wp-block-heading\">Gemeinsame Polizeiseelsorge im Bistum Speyer und in der evangelischen Kirche der Pfalz (protestantische Landeskirche)<\/h3>\n\n\n\n<p>Am 1. Januar 1996 \u00fcbergab Pr\u00e4lat Hammer das Amt an seinen Nachfolger <strong>Hartmut von Ehr<\/strong>. Der Diakon war viele Jahre gemeinsam mit <strong>Dr. Herbert Fischer-Drumm<\/strong> (Evangelische Kirche der Pfalz) Polizeiseelsorger, bevor er am 2. Juli 2015 in B\u00f6hl-Iggelheim verabschiedet wurde. Auf eigenen Wunsch verrichtete er bis zu seiner Pensionierung in der katholischen Kirchengemeinde St. Simon und Judas Thadd\u00e4us in Iggelheim seinen Dienst als Diakon.<\/p>\n\n\n\n<p><strong>Patrick St\u00f6bener<\/strong> \u00fcbernahm am 1. September 2015 das Amt des Polizeiseelsorgers im Bistum Speyer. Seine offizielle Amtseinf\u00fchrung erfolgt am 13. Januar 2016 gemeinsam mit <strong>Anne Henning<\/strong> (Polizeiseelsorgerin der Evangelischen Kirche der Pfalz) in Frankenthal\/Pfalz. Zum 1. September 2020 wechselte Patrick St\u00f6bener als Di\u00f6zesanreferent und Ausbildungsleiter f\u00fcr die Gemeindereferentinnen und -referenten in die Personalabteilung des Bistums Speyer. Er \u00fcbergab das Amt an <strong>Matthias Orth<\/strong>. Der Pastoralreferent war bis dahin Milit\u00e4rseelsorger. Am 2. November 2020 trat er im Bistum Speyer offiziell seinen Dienst als Polizeiseelsorger an.<\/p>\n\n\n\n<p>Anne Henning wechselte zum 1. Juni 2021 als pers\u00f6nliche Referentin von Oberkirchenrat Claus M\u00fcller ins Dezernat 2 des Landeskirchenrates in Speyer. Ihr Nachfolger, <strong>Norman Roth<\/strong>, war Pfarrer in Jettenbach. Er \u00fcbernahm am 1. November 2021 das Pfarramt f\u00fcr Polizei- und Notfallseelsorge in der Evangelischen Kirche der Pfalz.<\/p>\n\n\n\n<p>Am 21. September 2022 konstituierte sich der neu gew\u00e4hlte, siebte \u00f6kumenische Polizeiseelsorgebeirat in Maria Rosenberg (Waldfischbach-Burgalben). Erstmals wurde kein neuer Vorstand gew\u00e4hlt, m\u00f6gliche Kandidatinnen und Kandidaten hatten sich Bedenkzeit erbeten. Der bisherige Vorsitzende, <strong>Bernhard Christian Erfort<\/strong>, f\u00fchrte die Gesch\u00e4fte zusammen mit <strong>Christian Rapp<\/strong>, <strong>Bianca Erbacher<\/strong> und den beiden Polizeiseelsorgern Matthias Orth und Norman Roth bis Januar 2023 fort. Erfort und Erbacher standen f\u00fcr eine Wiederwahl nicht zur Verf\u00fcgung, engagieren sich aber weiterhin im Beirat. <\/p>\n\n\n\n<p>Der siebte Polizeiseelsorgebeirat w\u00e4hlte am 26. Januar 2023 in Landau (Pfalz) aus seiner Mitte heraus <strong>J\u00fcrgen Traub<\/strong> zum Vorsitzenden. <strong>Katja Weickert<\/strong> und <strong>Christian Rapp<\/strong> sind Co-Vorsitzende, und <strong>Sarah Layes<\/strong> wurde zur Schriftf\u00fchrerin gew\u00e4hlt. Die Polizeiseelsorger, Norman Roth und Matthias Orth, geh\u00f6ren Kraft ihres Amtes dem Vorstand an.<\/p>\n\n\n\n<p>Der Ehrenvorsitzende des \u00f6kumenischen Polizeiseelsorgebeirats, <a rel=\"noreferrer noopener\" href=\"https:\/\/de.wikipedia.org\/wiki\/Roland_Schlosser_(Polizist)\" data-type=\"link\" data-id=\"https:\/\/de.wikipedia.org\/wiki\/Roland_Schlosser_(Polizist)\" target=\"_blank\"><strong>Roland Schlosser<\/strong> \u2192<\/a>, starb am 25. Juli 2023 im Alter von 75 Jahren. Am 11. Juli 2023 war er auf dem Weg zur einer Beiratskonferenz in Neustadt an der Weinstra\u00dfe gest\u00fcrzt. Von den Folgen hatte er sich nicht wieder erholt. Roland Schlosser engagierte sich viele Jahre und \u00fcber seinen Ruhestand hinaus f\u00fcr die Polizeiseelsorge. Die \u00d6kumene und die Polizeiseniorenarbeit waren ihm eine Herzensangelegenheit.<\/p>\n","protected":false},"excerpt":{"rendered":"<p>Polizeiseelsorge im Bistum Speyer&nbsp; Erstmals erw\u00e4hnt wird die Polizeiseelsorge im Di\u00f6zesanarchiv des Bistums Speyer in einem Schreiben des Ministeriums des Innern vom 16. M\u00e4rz 1954, in dem es um die \u201eSeelsorgerische Betreuung der Angeh\u00f6rigen der Polizei&#8220; geht. Das Ministerium begr\u00fc\u00dfte darin \u201eden Entschluss der beiden christlichen Konfessionen, sich in Zukunft st\u00e4rker der Seelsorge innerhalb der [&hellip;]<\/p>\n","protected":false},"author":1,"featured_media":0,"parent":0,"menu_order":0,"comment_status":"closed","ping_status":"closed","template":"","meta":{"footnotes":""},"class_list":["post-75","page","type-page","status-publish","hentry"],"_links":{"self":[{"href":"https:\/\/www.polizeiseelsorge-pfalz.de\/index.php?rest_route=\/wp\/v2\/pages\/75","targetHints":{"allow":["GET"]}}],"collection":[{"href":"https:\/\/www.polizeiseelsorge-pfalz.de\/index.php?rest_route=\/wp\/v2\/pages"}],"about":[{"href":"https:\/\/www.polizeiseelsorge-pfalz.de\/index.php?rest_route=\/wp\/v2\/types\/page"}],"author":[{"embeddable":true,"href":"https:\/\/www.polizeiseelsorge-pfalz.de\/index.php?rest_route=\/wp\/v2\/users\/1"}],"replies":[{"embeddable":true,"href":"https:\/\/www.polizeiseelsorge-pfalz.de\/index.php?rest_route=%2Fwp%2Fv2%2Fcomments&post=75"}],"version-history":[{"count":21,"href":"https:\/\/www.polizeiseelsorge-pfalz.de\/index.php?rest_route=\/wp\/v2\/pages\/75\/revisions"}],"predecessor-version":[{"id":2383,"href":"https:\/\/www.polizeiseelsorge-pfalz.de\/index.php?rest_route=\/wp\/v2\/pages\/75\/revisions\/2383"}],"wp:attachment":[{"href":"https:\/\/www.polizeiseelsorge-pfalz.de\/index.php?rest_route=%2Fwp%2Fv2%2Fmedia&parent=75"}],"curies":[{"name":"wp","href":"https:\/\/api.w.org\/{rel}","templated":true}]}}